{"id":4702,"date":"2022-06-15T15:12:18","date_gmt":"2022-06-15T13:12:18","guid":{"rendered":"https:\/\/wp.deveuti.selocon.com\/aktuelles\/"},"modified":"2026-03-17T18:34:54","modified_gmt":"2026-03-17T17:34:54","slug":"news","status":"publish","type":"page","link":"https:\/\/eutinnet.org\/en\/european-tinnitus-network-eutinnet\/news\/","title":{"rendered":"News"},"content":{"rendered":"<p>[vc_row css_animation=&#8221;fadeInUp&#8221;][vc_column][vc_column_text]<\/p>\n<h2 style=\"text-align: center;\">News<\/h2>\n<p>[\/vc_column_text]<div class=\"kd-divider solid_line divider_one_half thin_solid\">\n                <div class=\"divider-line\" style=\"border-color:#3d9fde\"><\/div>\n            <\/div>[\/vc_column][\/vc_row][vc_row css_animation=&#8221;fadeInUp&#8221;][vc_column width=&#8221;1\/3&#8243;][vc_single_image image=&#8221;6731&#8243; img_size=&#8221;700&#215;700&#8243;][vc_column_text]<b>Berlin, 5 February 2026: TRI Conference in Berlin 16-18 September 2026<\/b><\/p>\n<p>We proudly announce the 20th Tinnitus Research Initiative (TRI) Conference 2026.The Tinnitus Zentrum Charit\u00e9 \u2013 Universit\u00e4tsmedizin Berlin and the German Foundation Tinnitus &amp; Hearing Charit\u00e9 are jointly organizing this international conference, which will take place in Berlin from 16 \u2013 18 September 2026. Hundreds of world-leading tinnitus experts will gather at Campus Charit\u00e9 Mitte in Berlin to share the latest in research, diagnosis and treatment of tinnitus. The interdisciplinary exchange of knowledge between ENT, neurology, audiology and psychology will help to better understand how tinnitus originates in order to alleviate the symptoms and, in the future find a cure for it. The scientific directors of the conference are Professor Birgit Mazurek and Professor Berthold Langguth.<\/p>\n<p>All experts from Europe and around the world are cordially invited to register online for participation. The programme, all information on ticket prices, and the link to the registration plattform can be found <a href=\"https:\/\/www.tinnitus-research-initiative-2026.com\/\">here.<\/a>[\/vc_column_text][\/vc_column][vc_column width=&#8221;1\/3&#8243;][vc_single_image image=&#8221;6728&#8243; img_size=&#8221;700&#215;700&#8243;][vc_column_text]<b>Berlin, 6 December 2025: Research Prize Tinnitus and Hearing<\/b><\/p>\n<p>This year, the foundation once again received numerous applications from Germany and other European countries for the Research Prize Tinnitus and Hearing. The Scientific Advisory Board reviewed all submissions and ultimately selected Dr. rer. nat. Konstantin Tziridis as ths years winner. The postdoctoral researcher and scientific staff member for neurobiological basic research \u2013 Experimental ENT Medicine at the ENT Clinic of the Friedrich-Alexander University Erlangen-N\u00fcrnberg (FAU) \u2013 received the highest rating for his study\u201cA Single Dose of AC102 Reverts Tinnitus in Noise-Exposed Mongolian Gerbils by Restoring Ribbon Synapses.\u201d<\/p>\n<p>AC102 is a promising, new compound from AudioCure Pharma GmbH that may protect hair cells from degeneration and promote the restoration of neural connections (synapses) from the inner ear to the brain. Following a successful Phase 1 study, AC102 is currently being tested in a European Phase 2 study in patients with sudden hearing loss, where it is injected directly into the middle ear and could potentially be more effective than, for example, cortisone.<\/p>\n<p>The Advisory Board emphasized the outstanding scientific and clinical relevance of the study and expressed it&#8217;s hope that this award represents another step toward an effective medical treatment for tinnitus patients.[\/vc_column_text][vc_empty_space][\/vc_column][vc_column width=&#8221;1\/3&#8243;][vc_single_image image=&#8221;6286&#8243; img_size=&#8221;700&#215;700&#8243;][vc_column_text]<b>Welcome to EUTINNET, the European Tinnitus Network<\/p>\n<p><\/b>As a member, you join a diverse group of tinnitus and hearing loss organizations from across Europe, all focused on improving awareness, sharing research, and supporting those affected by tinnitus and related conditions. By connecting with experts, researchers and patient communities, you contribute to advancing treatment options and fostering collaboration across borders. Your involvement helps to strengthen the network&#8217;s mission of promoting knowledge transfer and improving the quality of life for those impacted by tinnitus.[\/vc_column_text][vc_empty_space][\/vc_column][\/vc_row][vc_row][vc_column][vc_empty_space height=&#8221;75&#8243;][\/vc_column][\/vc_row][vc_row full_width=&#8221;stretch_row&#8221; parallax=&#8221;content-moving-fade&#8221; parallax_image=&#8221;3560&#8243; css_animation=&#8221;fadeInUp&#8221; css=&#8221;.vc_custom_1657035502649{background-color: #3d9fde !important;}&#8221;][vc_column][vc_empty_space height=&#8221;100&#8243;][vc_column_text]<\/p>\n<p style=\"text-align: left;\"><strong><span style=\"color: #ffffff;\">Unsere News auf Social Media:<\/span><\/strong><\/p>\n<p style=\"margin-top: 20px; margin-bottom: 20px; text-align: left;\"><span style=\"color: #ffffff;\">Interessante Neuigkeiten aus dem EUTINNET-Netzwerk, Termine sowie weitere Highlights zu den Themen Tinnitus, H\u00f6ren, H\u00f6rbeeintr\u00e4chtigungen sowie Diagnose- und Behandlungsmethoden posten wir regem\u00e4\u00dfig auf den Social Media-Kan\u00e4len der Stiftung Tinnitus und H\u00f6ren Charit\u00e9:<\/span><\/p>\n<p><a href=\"https:\/\/www.facebook.com\/stiftungtinnitusundhoerencharite\" target=\"_blank\" rel=\"noopener\"><img loading=\"lazy\" decoding=\"async\" class=\"alignleft wp-image-3599 size-full\" src=\"https:\/\/eutinnet.org\/wp-content\/uploads\/2022\/07\/fb_bubble_b.png\" alt=\"\" width=\"66\" height=\"66\" \/><\/a><a href=\"https:\/\/consent.youtube.com\/m?continue=https%3A%2F%2Fwww.youtube.com%2Fchannel%2FUCXkRyAxWz-AV4Ve0h_t0u3A%3Fcbrd%3D1&amp;gl=DE&amp;m=0&amp;pc=yt&amp;uxe=eomty&amp;hl=de&amp;src=1\" target=\"_blank\" rel=\"noopener\"><img loading=\"lazy\" decoding=\"async\" class=\"alignleft wp-image-3709 size-full\" src=\"https:\/\/eutinnet.org\/wp-content\/uploads\/2022\/07\/youtube_bubble_b.png\" alt=\"\" width=\"66\" height=\"66\" \/><\/a><a href=\"https:\/\/de.linkedin.com\/company\/stiftungtinnitusundhoerencharite\" target=\"_blank\" rel=\"noopener\"><img loading=\"lazy\" decoding=\"async\" class=\"alignleft wp-image-3598 size-full\" src=\"https:\/\/eutinnet.org\/wp-content\/uploads\/2022\/07\/linkedIn_bubble_b.png\" alt=\"\" width=\"66\" height=\"66\" \/><\/a><a href=\"https:\/\/www.instagram.com\/fighttinnitus\/\" target=\"_blank\" rel=\"noopener\"><img loading=\"lazy\" decoding=\"async\" class=\"alignleft wp-image-3600 size-full\" src=\"https:\/\/eutinnet.org\/wp-content\/uploads\/2022\/07\/insta_bubble_b.png\" alt=\"\" width=\"66\" height=\"66\" \/><\/a>[\/vc_column_text][vc_empty_space height=&#8221;150&#8243;][\/vc_column][\/vc_row]<\/p>\n","protected":false},"excerpt":{"rendered":"<p>[vc_row css_animation=&#8221;fadeInUp&#8221;][vc_column][vc_column_text] News [\/vc_column_text][\/vc_column][\/vc_row][vc_row css_animation=&#8221;fadeInUp&#8221;][vc_column width=&#8221;1\/3&#8243;][vc_single_image image=&#8221;6731&#8243; img_size=&#8221;700&#215;700&#8243;][vc_column_text]Berlin, 5 February 2026: TRI Conference in Berlin 16-18 September 2026 We proudly announce the 20th [&hellip;]<\/p>\n","protected":false},"author":3,"featured_media":0,"parent":4707,"menu_order":4,"comment_status":"closed","ping_status":"closed","template":"","meta":{"footnotes":""},"class_list":["post-4702","page","type-page","status-publish","hentry"],"_links":{"self":[{"href":"https:\/\/eutinnet.org\/en\/wp-json\/wp\/v2\/pages\/4702","targetHints":{"allow":["GET"]}}],"collection":[{"href":"https:\/\/eutinnet.org\/en\/wp-json\/wp\/v2\/pages"}],"about":[{"href":"https:\/\/eutinnet.org\/en\/wp-json\/wp\/v2\/types\/page"}],"author":[{"embeddable":true,"href":"https:\/\/eutinnet.org\/en\/wp-json\/wp\/v2\/users\/3"}],"replies":[{"embeddable":true,"href":"https:\/\/eutinnet.org\/en\/wp-json\/wp\/v2\/comments?post=4702"}],"version-history":[{"count":159,"href":"https:\/\/eutinnet.org\/en\/wp-json\/wp\/v2\/pages\/4702\/revisions"}],"predecessor-version":[{"id":6735,"href":"https:\/\/eutinnet.org\/en\/wp-json\/wp\/v2\/pages\/4702\/revisions\/6735"}],"up":[{"embeddable":true,"href":"https:\/\/eutinnet.org\/en\/wp-json\/wp\/v2\/pages\/4707"}],"wp:attachment":[{"href":"https:\/\/eutinnet.org\/en\/wp-json\/wp\/v2\/media?parent=4702"}],"curies":[{"name":"wp","href":"https:\/\/api.w.org\/{rel}","templated":true}]}}